{"id":95,"date":"2025-06-04T19:19:56","date_gmt":"2025-06-04T17:19:56","guid":{"rendered":"http:\/\/expansion-people.com\/?page_id=95"},"modified":"2025-06-30T20:19:01","modified_gmt":"2025-06-30T18:19:01","slug":"nosotros","status":"publish","type":"page","link":"https:\/\/expansion-people.com\/en\/nosotros\/","title":{"rendered":"NOSOTROS"},"content":{"rendered":"<style>.elementor-95 .elementor-element.elementor-element-479fb526 > .elementor-background-overlay{background-color:#02010100;opacity:0.9;transition:background 0.3s, border-radius 0.3s, opacity 0.3s;}.elementor-95 .elementor-element.elementor-element-479fb526 > .elementor-container{min-height:674px;}.elementor-95 .elementor-element.elementor-element-479fb526:not(.elementor-motion-effects-element-type-background), .elementor-95 .elementor-element.elementor-element-479fb526 > .elementor-motion-effects-container > .elementor-motion-effects-layer{background:url(\"https:\/\/expansion-people.com\/wp-content\/uploads\/2025\/06\/fondo-people-.jpg\") 50% 50%;background-size:cover;}.elementor-95 .elementor-element.elementor-element-479fb526{transition:background 0.3s, border 0.3s, border-radius 0.3s, box-shadow 0.3s;margin-top:0px;margin-bottom:0px;padding:0px 0px 0px 0px;}.elementor-95 .elementor-element.elementor-element-24f0c18 > .elementor-element-populated{transition:background 0.3s, border 0.3s, border-radius 0.3s, box-shadow 0.3s;}.elementor-95 .elementor-element.elementor-element-24f0c18 > .elementor-element-populated > .elementor-background-overlay{transition:background 0.3s, border-radius 0.3s, opacity 0.3s;}.elementor-95 .elementor-element.elementor-element-80430cf{transition:background 0.3s, border 0.3s, border-radius 0.3s, box-shadow 0.3s;margin-top:0px;margin-bottom:0px;padding:18px 0px 0px 0px;}.elementor-95 .elementor-element.elementor-element-80430cf > .elementor-background-overlay{transition:background 0.3s, border-radius 0.3s, opacity 0.3s;}.elementor-95 .elementor-element.elementor-element-5ea6e61 > .elementor-element-populated{margin:0px 0px 0px 0px;--e-column-margin-right:0px;--e-column-margin-left:0px;padding:0px 50px 0px 0px;}.elementor-widget-heading .elementor-heading-title{color:var( --e-global-color-primary );}.elementor-95 .elementor-element.elementor-element-fd70bc4 .elementor-heading-title{font-family:\"Bariol\", Sans-serif;font-size:3.8em;font-weight:600;color:#001957;}.elementor-95 .elementor-element.elementor-element-04721b4 .elementor-heading-title{font-family:\"Bariol\", Sans-serif;font-size:3.8em;font-weight:600;color:#001957;}.elementor-95 .elementor-element.elementor-element-0b2793e{margin-top:45px;margin-bottom:0px;}.elementor-95 .elementor-element.elementor-element-862ca51 > .elementor-element-populated >  .elementor-background-overlay{opacity:1;}.elementor-95 .elementor-element.elementor-element-862ca51 > .elementor-element-populated, .elementor-95 .elementor-element.elementor-element-862ca51 > .elementor-element-populated > .elementor-background-overlay, .elementor-95 .elementor-element.elementor-element-862ca51 > .elementor-background-slideshow{border-radius:20px 20px 20px 20px;}.elementor-95 .elementor-element.elementor-element-862ca51 > .elementor-element-populated{transition:background 0.3s, border 0.3s, border-radius 0.3s, box-shadow 0.3s;margin:0px 10px 0px 0px;--e-column-margin-right:10px;--e-column-margin-left:0px;padding:0px 0px 0px 0px;}.elementor-95 .elementor-element.elementor-element-862ca51 > .elementor-element-populated > .elementor-background-overlay{transition:background 0.3s, border-radius 0.3s, opacity 0.3s;}.elementor-widget-image .widget-image-caption{color:var( --e-global-color-text );}.elementor-95 .elementor-element.elementor-element-9aca922 img{border-radius:20px 20px 20px 20px;}.elementor-95 .elementor-element.elementor-element-a7fab97 > .elementor-element-populated{margin:0px 0px 0px 0px;--e-column-margin-right:0px;--e-column-margin-left:0px;padding:0px 50px 0px 50px;}.elementor-widget-text-editor{color:var( --e-global-color-text );}.elementor-widget-text-editor.elementor-drop-cap-view-stacked .elementor-drop-cap{background-color:var( --e-global-color-primary );}.elementor-widget-text-editor.elementor-drop-cap-view-framed .elementor-drop-cap, .elementor-widget-text-editor.elementor-drop-cap-view-default .elementor-drop-cap{color:var( --e-global-color-primary );border-color:var( --e-global-color-primary );}.elementor-95 .elementor-element.elementor-element-64587ab > .elementor-widget-container{margin:152px 0px 0px 0px;}.elementor-95 .elementor-element.elementor-element-64587ab{font-family:\"Bariol\", Sans-serif;font-size:1.6em;color:#001957;}.elementor-95 .elementor-element.elementor-element-593c613 .elementor-wrapper{--video-aspect-ratio:1.33333;filter:brightness( 100% ) contrast( 100% ) saturate( 100% ) blur( 0px ) hue-rotate( 0deg );}.elementor-95 .elementor-element.elementor-element-24a606c{margin-top:0px;margin-bottom:0px;padding:50px 0px 0px 0px;}.elementor-95 .elementor-element.elementor-element-50a4381 > .elementor-element-populated{margin:0px 0px 0px 0px;--e-column-margin-right:0px;--e-column-margin-left:0px;padding:0px 50px 0px 0px;}.elementor-95 .elementor-element.elementor-element-98b0a0f .elementor-heading-title{font-family:\"Bariol\", Sans-serif;font-size:3.8em;font-weight:600;color:#001957;}.elementor-95 .elementor-element.elementor-element-20ccdaf > .elementor-widget-container{margin:0px 0px 0px 0px;}.elementor-95 .elementor-element.elementor-element-20ccdaf{font-family:\"Bariol\", Sans-serif;font-size:1.6em;color:#001957;}.elementor-95 .elementor-element.elementor-element-21f4261 img{border-radius:20px 20px 20px 20px;}.elementor-95 .elementor-element.elementor-element-c6f1cb0 > .elementor-element-populated{margin:0px 0px 0px 0px;--e-column-margin-right:0px;--e-column-margin-left:0px;padding:0px 50px 100px 50px;}.elementor-95 .elementor-element.elementor-element-26183de{margin-top:0px;margin-bottom:76px;}.elementor-95 .elementor-element.elementor-element-ee0244b > .elementor-element-populated >  .elementor-background-overlay{opacity:1;}.elementor-95 .elementor-element.elementor-element-ee0244b > .elementor-element-populated, .elementor-95 .elementor-element.elementor-element-ee0244b > .elementor-element-populated > .elementor-background-overlay, .elementor-95 .elementor-element.elementor-element-ee0244b > .elementor-background-slideshow{border-radius:20px 20px 20px 20px;}.elementor-95 .elementor-element.elementor-element-ee0244b > .elementor-element-populated{transition:background 0.3s, border 0.3s, border-radius 0.3s, box-shadow 0.3s;margin:88px 10px 0px 0px;--e-column-margin-right:10px;--e-column-margin-left:0px;padding:0px 0px 0px 0px;}.elementor-95 .elementor-element.elementor-element-ee0244b > .elementor-element-populated > .elementor-background-overlay{transition:background 0.3s, border-radius 0.3s, opacity 0.3s;}.elementor-95 .elementor-element.elementor-element-9c175aa img{border-radius:20px 20px 20px 20px;}.elementor-95 .elementor-element.elementor-element-7129447 > .elementor-widget-container{margin:0px 0px 0px 0px;}.elementor-95 .elementor-element.elementor-element-7129447{font-family:\"Bariol\", Sans-serif;font-size:1.6em;color:#001957;}@media(max-width:1024px){.elementor-95 .elementor-element.elementor-element-479fb526{padding:180px 30px 100px 30px;}.elementor-95 .elementor-element.elementor-element-80430cf{padding:100px 30px 0px 30px;}.elementor-95 .elementor-element.elementor-element-a7fab97 > .elementor-element-populated{padding:0px 0px 100px 40px;}.elementor-95 .elementor-element.elementor-element-24a606c{padding:100px 30px 0px 30px;}.elementor-95 .elementor-element.elementor-element-c6f1cb0 > .elementor-element-populated{padding:0px 0px 100px 40px;}}@media(max-width:767px){.elementor-95 .elementor-element.elementor-element-479fb526{padding:170px 20px 100px 20px;}.elementor-95 .elementor-element.elementor-element-80430cf{padding:100px 20px 20px 20px;}.elementor-95 .elementor-element.elementor-element-5ea6e61 > .elementor-element-populated{padding:0px 0px 0px 0px;}.elementor-95 .elementor-element.elementor-element-fd70bc4{width:100%;max-width:100%;text-align:left;}.elementor-95 .elementor-element.elementor-element-fd70bc4 > .elementor-widget-container{padding:0px 30px 0px 0px;}.elementor-95 .elementor-element.elementor-element-fd70bc4 .elementor-heading-title{font-size:52px;}.elementor-95 .elementor-element.elementor-element-04721b4{width:100%;max-width:100%;text-align:left;}.elementor-95 .elementor-element.elementor-element-04721b4 > .elementor-widget-container{padding:0px 30px 0px 0px;}.elementor-95 .elementor-element.elementor-element-04721b4 .elementor-heading-title{font-size:52px;}.elementor-95 .elementor-element.elementor-element-0b2793e{margin-top:0px;margin-bottom:26px;}.elementor-95 .elementor-element.elementor-element-862ca51{width:100%;}.elementor-95 .elementor-element.elementor-element-862ca51 > .elementor-element-populated{margin:0px 0px 0px 0px;--e-column-margin-right:0px;--e-column-margin-left:0px;}.elementor-95 .elementor-element.elementor-element-9aca922 > .elementor-widget-container{margin:0px 0px 0px 0px;}.elementor-95 .elementor-element.elementor-element-a7fab97 > .elementor-element-populated{padding:0px 0px 0px 0px;}.elementor-95 .elementor-element.elementor-element-64587ab{width:100%;max-width:100%;text-align:left;font-size:19px;}.elementor-95 .elementor-element.elementor-element-64587ab > .elementor-widget-container{margin:0px 0px 0px 0px;padding:0px 10px 0px 0px;}.elementor-95 .elementor-element.elementor-element-593c613{width:100%;max-width:100%;}.elementor-95 .elementor-element.elementor-element-593c613 > .elementor-widget-container{padding:0px 0px 0px 0px;}.elementor-95 .elementor-element.elementor-element-24a606c{padding:0px 20px 100px 20px;}.elementor-95 .elementor-element.elementor-element-50a4381 > .elementor-element-populated{padding:0px 0px 0px 0px;}.elementor-95 .elementor-element.elementor-element-98b0a0f{width:100%;max-width:100%;text-align:left;}.elementor-95 .elementor-element.elementor-element-98b0a0f > .elementor-widget-container{padding:0px 30px 0px 0px;}.elementor-95 .elementor-element.elementor-element-98b0a0f .elementor-heading-title{font-size:52px;}.elementor-95 .elementor-element.elementor-element-20ccdaf{width:100%;max-width:100%;text-align:left;font-size:19px;}.elementor-95 .elementor-element.elementor-element-20ccdaf > .elementor-widget-container{margin:0px 0px 0px 0px;padding:0px 10px 0px 0px;}.elementor-95 .elementor-element.elementor-element-21f4261 > .elementor-widget-container{margin:0px 0px 0px 0px;}.elementor-95 .elementor-element.elementor-element-c6f1cb0 > .elementor-element-populated{padding:0px 0px 0px 0px;}.elementor-95 .elementor-element.elementor-element-ee0244b{width:100%;}.elementor-95 .elementor-element.elementor-element-7129447{width:100%;max-width:100%;text-align:left;font-size:19px;}.elementor-95 .elementor-element.elementor-element-7129447 > .elementor-widget-container{margin:0px 0px 0px 0px;padding:0px 10px 0px 0px;}}\/* Start Custom Fonts CSS *\/@font-face {\n\tfont-family: 'Bariol';\n\tfont-display: auto;\n\tsrc: url('https:\/\/expansion-people.com\/wp-content\/uploads\/2025\/06\/bariol_regular-webfont.ttf') format('truetype');\n}\n\/* End Custom Fonts CSS *\/<\/style>\t\t<div data-elementor-type=\"wp-page\" data-elementor-id=\"95\" class=\"elementor elementor-95\" data-elementor-post-type=\"page\">\n\t\t\t\t\t\t<section class=\"elementor-section elementor-top-section elementor-element elementor-element-479fb526 elementor-section-height-min-height elementor-hidden-mobile elementor-section-boxed elementor-section-height-default elementor-section-items-middle\" data-id=\"479fb526\" data-element_type=\"section\" data-settings=\"{&quot;background_background&quot;:&quot;video&quot;,&quot;background_video_link&quot;:&quot;https:\\\/\\\/expansion-people.com\\\/wp-content\\\/uploads\\\/Video\\\/19 Jun_01 (1).mp4&quot;,&quot;background_video_start&quot;:2}\">\n\t\t\t\t\t\t\t\t<div class=\"elementor-background-video-container elementor-hidden-mobile\" aria-hidden=\"true\">\n\t\t\t\t\t\t\t\t\t\t\t\t\t<video class=\"elementor-background-video-hosted\" autoplay muted playsinline loop><\/video>\n\t\t\t\t\t\t\t\t\t\t\t<\/div>\n\t\t\t\t\t\t\t\t\t<div class=\"elementor-background-overlay\"><\/div>\n\t\t\t\t\t\t\t<div class=\"elementor-container elementor-column-gap-default\">\n\t\t\t\t\t<div class=\"elementor-column elementor-col-100 elementor-top-column elementor-element elementor-element-24f0c18\" data-id=\"24f0c18\" data-element_type=\"column\" data-settings=\"{&quot;background_background&quot;:&quot;classic&quot;}\">\n\t\t\t<div class=\"elementor-widget-wrap\">\n\t\t\t\t\t\t\t<\/div>\n\t\t<\/div>\n\t\t\t\t\t<\/div>\n\t\t<\/section>\n\t\t\t\t<section class=\"elementor-section elementor-top-section elementor-element elementor-element-80430cf elementor-section-boxed elementor-section-height-default elementor-section-height-default\" data-id=\"80430cf\" data-element_type=\"section\" data-settings=\"{&quot;background_background&quot;:&quot;video&quot;}\">\n\t\t\t\t\t\t<div class=\"elementor-container elementor-column-gap-default\">\n\t\t\t\t\t<div class=\"elementor-column elementor-col-50 elementor-top-column elementor-element elementor-element-5ea6e61\" data-id=\"5ea6e61\" data-element_type=\"column\">\n\t\t\t<div class=\"elementor-widget-wrap elementor-element-populated\">\n\t\t\t\t\t\t<div class=\"elementor-element elementor-element-fd70bc4 elementor-widget-mobile__width-inherit elementor-widget elementor-widget-heading\" data-id=\"fd70bc4\" data-element_type=\"widget\" data-widget_type=\"heading.default\">\n\t\t\t\t<div class=\"elementor-widget-container\">\n\t\t\t\t\t<h1 class=\"elementor-heading-title elementor-size-default\">SOBRE <\/h1>\t\t\t\t<\/div>\n\t\t\t\t<\/div>\n\t\t\t\t<div class=\"elementor-element elementor-element-04721b4 elementor-widget-mobile__width-inherit elementor-widget elementor-widget-heading\" data-id=\"04721b4\" data-element_type=\"widget\" data-widget_type=\"heading.default\">\n\t\t\t\t<div class=\"elementor-widget-container\">\n\t\t\t\t\t<h1 class=\"elementor-heading-title elementor-size-default\">NOSOTROS <\/h1>\t\t\t\t<\/div>\n\t\t\t\t<\/div>\n\t\t\t\t<section class=\"elementor-section elementor-inner-section elementor-element elementor-element-0b2793e elementor-section-boxed elementor-section-height-default elementor-section-height-default\" data-id=\"0b2793e\" data-element_type=\"section\">\n\t\t\t\t\t\t<div class=\"elementor-container elementor-column-gap-default\">\n\t\t\t\t\t<div class=\"elementor-column elementor-col-100 elementor-inner-column elementor-element elementor-element-862ca51\" data-id=\"862ca51\" data-element_type=\"column\" data-settings=\"{&quot;background_background&quot;:&quot;classic&quot;}\">\n\t\t\t<div class=\"elementor-widget-wrap elementor-element-populated\">\n\t\t\t\t\t<div class=\"elementor-background-overlay\"><\/div>\n\t\t\t\t\t\t<div class=\"elementor-element elementor-element-9aca922 elementor-widget elementor-widget-image\" data-id=\"9aca922\" data-element_type=\"widget\" data-widget_type=\"image.default\">\n\t\t\t\t<div class=\"elementor-widget-container\">\n\t\t\t\t\t\t\t\t\t\t\t\t\t\t\t<img fetchpriority=\"high\" decoding=\"async\" width=\"2560\" height=\"1707\" src=\"https:\/\/expansion-people.com\/wp-content\/uploads\/2025\/06\/group-of-cheerful-male-and-female-colleagues-in-fo-2025-01-08-23-07-52-utc-scaled.jpeg\" class=\"attachment-full size-full wp-image-1664\" alt=\"\" srcset=\"https:\/\/expansion-people.com\/wp-content\/uploads\/2025\/06\/group-of-cheerful-male-and-female-colleagues-in-fo-2025-01-08-23-07-52-utc-scaled.jpeg 2560w, https:\/\/expansion-people.com\/wp-content\/uploads\/2025\/06\/group-of-cheerful-male-and-female-colleagues-in-fo-2025-01-08-23-07-52-utc-300x200.jpeg 300w, https:\/\/expansion-people.com\/wp-content\/uploads\/2025\/06\/group-of-cheerful-male-and-female-colleagues-in-fo-2025-01-08-23-07-52-utc-1024x683.jpeg 1024w, https:\/\/expansion-people.com\/wp-content\/uploads\/2025\/06\/group-of-cheerful-male-and-female-colleagues-in-fo-2025-01-08-23-07-52-utc-768x512.jpeg 768w, https:\/\/expansion-people.com\/wp-content\/uploads\/2025\/06\/group-of-cheerful-male-and-female-colleagues-in-fo-2025-01-08-23-07-52-utc-1536x1024.jpeg 1536w, https:\/\/expansion-people.com\/wp-content\/uploads\/2025\/06\/group-of-cheerful-male-and-female-colleagues-in-fo-2025-01-08-23-07-52-utc-2048x1365.jpeg 2048w\" sizes=\"(max-width: 2560px) 100vw, 2560px\" \/>\t\t\t\t\t\t\t\t\t\t\t\t\t\t\t<\/div>\n\t\t\t\t<\/div>\n\t\t\t\t\t<\/div>\n\t\t<\/div>\n\t\t\t\t\t<\/div>\n\t\t<\/section>\n\t\t\t\t\t<\/div>\n\t\t<\/div>\n\t\t\t\t<div class=\"elementor-column elementor-col-50 elementor-top-column elementor-element elementor-element-a7fab97\" data-id=\"a7fab97\" data-element_type=\"column\">\n\t\t\t<div class=\"elementor-widget-wrap elementor-element-populated\">\n\t\t\t\t\t\t<div class=\"elementor-element elementor-element-64587ab elementor-widget-mobile__width-inherit elementor-widget elementor-widget-text-editor\" data-id=\"64587ab\" data-element_type=\"widget\" data-widget_type=\"text-editor.default\">\n\t\t\t\t<div class=\"elementor-widget-container\">\n\t\t\t\t\t\t\t\t\t<p>Somos una consultora de selecci\u00f3n con oficinas en Barcelona, Madrid y Buenos Aires especializada en la b\u00fasqueda y reclutamiento de los mejores candidatos a nivel nacional e internacional, utilizando tecnolog\u00edas avanzadas para gestionar una base de datos global y actualizada. Adem\u00e1s, ofrecemos soporte completo en la tramitaci\u00f3n de visados, asegurando un proceso de selecci\u00f3n fluido y sin contratiempos. Nuestras divisiones cubren \u00e1reas clave como\u00a0<strong>Hospitalaria y Ciencias de la Salud<\/strong>,\u00a0<strong>Industria e Ingenier\u00eda<\/strong>,\u00a0<strong>IT<\/strong>\u00a0y\u00a0<strong>Digital<\/strong>,\u00a0<strong>Sales &amp; Marketing<\/strong>,\u00a0<strong>Finanzas<\/strong>,\u00a0<strong>Legal y Recursos Humanos<\/strong>.<\/p>\t\t\t\t\t\t\t\t<\/div>\n\t\t\t\t<\/div>\n\t\t\t\t<div class=\"elementor-element elementor-element-593c613 elementor-widget-mobile__width-inherit elementor-hidden-desktop elementor-hidden-tablet elementor-widget elementor-widget-video\" data-id=\"593c613\" data-element_type=\"widget\" data-settings=\"{&quot;video_type&quot;:&quot;hosted&quot;,&quot;autoplay&quot;:&quot;yes&quot;,&quot;controls&quot;:&quot;yes&quot;}\" data-widget_type=\"video.default\">\n\t\t\t\t<div class=\"elementor-widget-container\">\n\t\t\t\t\t\t\t<div class=\"e-hosted-video elementor-wrapper elementor-open-inline\">\n\t\t\t\t\t<video class=\"elementor-video\" src=\"https:\/\/expansion-people.com\/wp-content\/uploads\/Video\/19 Jun_01 (1).mp4\" autoplay=\"\" controls=\"\" controlslist=\"nodownload\"><\/video>\n\t\t\t\t<\/div>\n\t\t\t\t\t\t<\/div>\n\t\t\t\t<\/div>\n\t\t\t\t\t<\/div>\n\t\t<\/div>\n\t\t\t\t\t<\/div>\n\t\t<\/section>\n\t\t\t\t<section class=\"elementor-section elementor-top-section elementor-element elementor-element-24a606c elementor-section-boxed elementor-section-height-default elementor-section-height-default\" data-id=\"24a606c\" data-element_type=\"section\">\n\t\t\t\t\t\t<div class=\"elementor-container elementor-column-gap-default\">\n\t\t\t\t\t<div class=\"elementor-column elementor-col-50 elementor-top-column elementor-element elementor-element-50a4381\" data-id=\"50a4381\" data-element_type=\"column\">\n\t\t\t<div class=\"elementor-widget-wrap elementor-element-populated\">\n\t\t\t\t\t\t<div class=\"elementor-element elementor-element-98b0a0f elementor-widget-mobile__width-inherit elementor-widget elementor-widget-heading\" data-id=\"98b0a0f\" data-element_type=\"widget\" data-widget_type=\"heading.default\">\n\t\t\t\t<div class=\"elementor-widget-container\">\n\t\t\t\t\t<h2 class=\"elementor-heading-title elementor-size-default\">NUESTRA HISTORIA <\/h2>\t\t\t\t<\/div>\n\t\t\t\t<\/div>\n\t\t\t\t<div class=\"elementor-element elementor-element-20ccdaf elementor-widget-mobile__width-inherit elementor-widget elementor-widget-text-editor\" data-id=\"20ccdaf\" data-element_type=\"widget\" data-widget_type=\"text-editor.default\">\n\t\t\t\t<div class=\"elementor-widget-container\">\n\t\t\t\t\t\t\t\t\t<p><span style=\"font-weight: 400;\">Expansion People nace con un objetivo claro: ayudar a las personas y a las organizaciones a alcanzar su potencial \u00fanico a trav\u00e9s de soluciones integrales de selecci\u00f3n y gesti\u00f3n de talento, tanto a nivel nacional como internacional.<\/span><\/p><p><span style=\"font-weight: 400;\">Nuestra historia comienza dentro de <strong><a href=\"https:\/\/expansionholding.com\/\" target=\"_blank\" rel=\"noopener\">Expansion Holding<\/a><\/strong>, un grupo empresarial con presencia global y una visi\u00f3n compartida: ofrecer servicios especializados que generen valor real a las empresas. De este ADN nace Expansion People, como una consultora que entiende las necesidades cambiantes del mercado laboral y que apuesta por una visi\u00f3n 360\u00ba en sus servicios.<\/span><\/p><p><span style=\"font-weight: 400;\">Contamos con un equipo de expertos que, desde el inicio, ha combinado su conocimiento del sector con una mirada innovadora y cercana. Nos mueve una convicci\u00f3n profunda: el talento transforma, conecta y hace posible el crecimiento sostenible de las organizaciones.<\/span><\/p>\t\t\t\t\t\t\t\t<\/div>\n\t\t\t\t<\/div>\n\t\t\t\t<div class=\"elementor-element elementor-element-21f4261 elementor-widget elementor-widget-image\" data-id=\"21f4261\" data-element_type=\"widget\" data-widget_type=\"image.default\">\n\t\t\t\t<div class=\"elementor-widget-container\">\n\t\t\t\t\t\t\t\t\t\t\t\t\t\t\t<img decoding=\"async\" width=\"800\" height=\"534\" src=\"https:\/\/expansion-people.com\/wp-content\/uploads\/2025\/06\/Mati-1024x683.jpg\" class=\"attachment-large size-large wp-image-1667\" alt=\"\" srcset=\"https:\/\/expansion-people.com\/wp-content\/uploads\/2025\/06\/Mati-1024x683.jpg 1024w, https:\/\/expansion-people.com\/wp-content\/uploads\/2025\/06\/Mati-300x200.jpg 300w, https:\/\/expansion-people.com\/wp-content\/uploads\/2025\/06\/Mati-768x512.jpg 768w, https:\/\/expansion-people.com\/wp-content\/uploads\/2025\/06\/Mati-1536x1025.jpg 1536w, https:\/\/expansion-people.com\/wp-content\/uploads\/2025\/06\/Mati-2048x1366.jpg 2048w\" sizes=\"(max-width: 800px) 100vw, 800px\" \/>\t\t\t\t\t\t\t\t\t\t\t\t\t\t\t<\/div>\n\t\t\t\t<\/div>\n\t\t\t\t\t<\/div>\n\t\t<\/div>\n\t\t\t\t<div class=\"elementor-column elementor-col-50 elementor-top-column elementor-element elementor-element-c6f1cb0\" data-id=\"c6f1cb0\" data-element_type=\"column\">\n\t\t\t<div class=\"elementor-widget-wrap elementor-element-populated\">\n\t\t\t\t\t\t<section class=\"elementor-section elementor-inner-section elementor-element elementor-element-26183de elementor-section-boxed elementor-section-height-default elementor-section-height-default\" data-id=\"26183de\" data-element_type=\"section\">\n\t\t\t\t\t\t<div class=\"elementor-container elementor-column-gap-default\">\n\t\t\t\t\t<div class=\"elementor-column elementor-col-100 elementor-inner-column elementor-element elementor-element-ee0244b\" data-id=\"ee0244b\" data-element_type=\"column\" data-settings=\"{&quot;background_background&quot;:&quot;classic&quot;}\">\n\t\t\t<div class=\"elementor-widget-wrap elementor-element-populated\">\n\t\t\t\t\t<div class=\"elementor-background-overlay\"><\/div>\n\t\t\t\t\t\t<div class=\"elementor-element elementor-element-9c175aa elementor-widget elementor-widget-image\" data-id=\"9c175aa\" data-element_type=\"widget\" data-widget_type=\"image.default\">\n\t\t\t\t<div class=\"elementor-widget-container\">\n\t\t\t\t\t\t\t\t\t\t\t\t\t\t\t<img decoding=\"async\" width=\"800\" height=\"1000\" src=\"https:\/\/expansion-people.com\/wp-content\/uploads\/2025\/06\/d0412ac4-e9f4-4772-8a4b-81f4e4a56404-1-819x1024.jpg\" class=\"attachment-large size-large wp-image-1666\" alt=\"\" srcset=\"https:\/\/expansion-people.com\/wp-content\/uploads\/2025\/06\/d0412ac4-e9f4-4772-8a4b-81f4e4a56404-1-819x1024.jpg 819w, https:\/\/expansion-people.com\/wp-content\/uploads\/2025\/06\/d0412ac4-e9f4-4772-8a4b-81f4e4a56404-1-240x300.jpg 240w, https:\/\/expansion-people.com\/wp-content\/uploads\/2025\/06\/d0412ac4-e9f4-4772-8a4b-81f4e4a56404-1-768x960.jpg 768w, https:\/\/expansion-people.com\/wp-content\/uploads\/2025\/06\/d0412ac4-e9f4-4772-8a4b-81f4e4a56404-1-1229x1536.jpg 1229w, https:\/\/expansion-people.com\/wp-content\/uploads\/2025\/06\/d0412ac4-e9f4-4772-8a4b-81f4e4a56404-1-1639x2048.jpg 1639w, https:\/\/expansion-people.com\/wp-content\/uploads\/2025\/06\/d0412ac4-e9f4-4772-8a4b-81f4e4a56404-1.jpg 1730w\" sizes=\"(max-width: 800px) 100vw, 800px\" \/>\t\t\t\t\t\t\t\t\t\t\t\t\t\t\t<\/div>\n\t\t\t\t<\/div>\n\t\t\t\t\t<\/div>\n\t\t<\/div>\n\t\t\t\t\t<\/div>\n\t\t<\/section>\n\t\t\t\t<div class=\"elementor-element elementor-element-7129447 elementor-widget-mobile__width-inherit elementor-widget elementor-widget-text-editor\" data-id=\"7129447\" data-element_type=\"widget\" data-widget_type=\"text-editor.default\">\n\t\t\t\t<div class=\"elementor-widget-container\">\n\t\t\t\t\t\t\t\t\t<p><span style=\"font-weight: 400;\">Ofrecemos soluciones de selecci\u00f3n especializadas, gesti\u00f3n de visados y movilidad internacional, adaptadas a las exigencias de un entorno cada vez m\u00e1s din\u00e1mico. Ya sea para incorporar un perfil clave, gestionar un proceso global de contrataci\u00f3n o redefinir la estrategia de talento de una empresa, estamos preparados para acompa\u00f1ar a nuestros clientes en cada paso del camino.<\/span><\/p><p><span style=\"font-weight: 400;\">Nos diferenciamos por nuestra capacidad de escuchar, comprender y construir relaciones aut\u00e9nticas con las personas y organizaciones con las que trabajamos.<\/span><\/p><p><span style=\"font-weight: 400;\">Porque creemos que cada historia profesional merece ser contada y cada oportunidad comienza con una conexi\u00f3n real.<\/span><\/p>\t\t\t\t\t\t\t\t<\/div>\n\t\t\t\t<\/div>\n\t\t\t\t\t<\/div>\n\t\t<\/div>\n\t\t\t\t\t<\/div>\n\t\t<\/section>\n\t\t\t\t<\/div>","protected":false},"excerpt":{"rendered":"<p>SOBRE NOSOTROS Somos una consultora de selecci\u00f3n con oficinas en Barcelona, Madrid y Buenos Aires especializada en la b\u00fasqueda y reclutamiento de los mejores candidatos a nivel nacional e internacional, utilizando tecnolog\u00edas avanzadas para gestionar una base de datos global y actualizada. Adem\u00e1s, ofrecemos soporte completo en la tramitaci\u00f3n de visados, asegurando un proceso de [&hellip;]<\/p>","protected":false},"author":1,"featured_media":0,"parent":0,"menu_order":0,"comment_status":"closed","ping_status":"closed","template":"","meta":{"footnotes":""},"class_list":["post-95","page","type-page","status-publish","hentry"],"_links":{"self":[{"href":"https:\/\/expansion-people.com\/en\/wp-json\/wp\/v2\/pages\/95","targetHints":{"allow":["GET"]}}],"collection":[{"href":"https:\/\/expansion-people.com\/en\/wp-json\/wp\/v2\/pages"}],"about":[{"href":"https:\/\/expansion-people.com\/en\/wp-json\/wp\/v2\/types\/page"}],"author":[{"embeddable":true,"href":"https:\/\/expansion-people.com\/en\/wp-json\/wp\/v2\/users\/1"}],"replies":[{"embeddable":true,"href":"https:\/\/expansion-people.com\/en\/wp-json\/wp\/v2\/comments?post=95"}],"version-history":[{"count":169,"href":"https:\/\/expansion-people.com\/en\/wp-json\/wp\/v2\/pages\/95\/revisions"}],"predecessor-version":[{"id":2004,"href":"https:\/\/expansion-people.com\/en\/wp-json\/wp\/v2\/pages\/95\/revisions\/2004"}],"wp:attachment":[{"href":"https:\/\/expansion-people.com\/en\/wp-json\/wp\/v2\/media?parent=95"}],"curies":[{"name":"wp","href":"https:\/\/api.w.org\/{rel}","templated":true}]}}